{"id":51,"date":"2016-06-28T21:24:33","date_gmt":"2016-06-28T21:24:33","guid":{"rendered":"http:\/\/hb-themes.com\/themes\/highend\/life-coach\/?page_id=5"},"modified":"2023-01-05T15:37:55","modified_gmt":"2023-01-05T15:37:55","slug":"home","status":"publish","type":"page","link":"https:\/\/andradeward.org\/es\/","title":{"rendered":"Inicio"},"content":{"rendered":"<div class=\"wpb-content-wrapper\"><div data-vc-full-width=\"true\" data-vc-full-width-init=\"false\" class=\"vc_row element-row row vc_custom_1553109730644 highend_vc_custom_1553109730644\"><div class=\"fw-content-wrap\"><div class=\"vc_row\"><div class=\"wpb_column vc_column_container vc_col-sm-12\"><div class=\"vc_column-inner\"><div class=\"wpb_wrapper\"><h2 style=\"font-size: 60px;color: #ffffff;line-height: 70px;text-align: center;font-family:Great Vibes;font-weight:400;font-style:normal\" class=\"vc_custom_heading\" >Bienvenido!<\/h2><h5 style=\"font-size: 20px;color: #ffffff;line-height: 30px;text-align: center;font-family:Karla;font-weight:400;font-style:normal\" class=\"vc_custom_heading vc_custom_1554489553539\" >Mi nombre es FlordeMar\u00eda Ward, aka Chichi Andrade<\/h5><h5 style=\"font-size: 20px;color: #ffffff;line-height: 30px;text-align: center;font-family:Karla;font-weight:400;font-style:normal\" class=\"vc_custom_heading vc_custom_1617634062425\" >Soy una entusiasta viajera, y fot\u00f3grafa aficionada. Nac\u00ed y crec\u00ed en Ecuador y ahora vivo en los Estados Unidos.<\/h5><\/div><\/div><\/div><style type=\"text\/css\">.highend_vc_custom_1553109730644{background-color: #7d940d;}<\/style><\/div><\/div><\/div><div class=\"vc_row-full-width vc_clearfix\"><\/div><div class=\"vc_row element-row row vc_custom_1554242726618 highend_vc_custom_1554242726618\"><div class=\"wpb_column vc_column_container vc_col-sm-12\"><div class=\"vc_column-inner\"><div class=\"wpb_wrapper\"><h2 style=\"font-size: 30px;color: #353535;line-height: 30px;text-align: center;font-family:Karla;font-weight:700;font-style:normal\" class=\"vc_custom_heading\" >LUGARES QUE HE VISITADO<\/h2>\n\t<div class=\"wpb_text_column wpb_content_element\" >\n\t\t<div class=\"wpb_wrapper\">\n\t\t\t<p style=\"text-align: center;\">Este sitio web ha sido construido pensando en ti, familiares y amigos a quienes les gusta saber de mis viajes, y en ti, que por curiosidad te topaste con este sitio web.<\/p>\n<p style=\"text-align: center;\">Espero que le guste!<\/p>\n\n\t\t<\/div>\n\t<\/div>\n<div class=\"vc_row element-row vc_inner row\"><div class=\"wpb_column vc_column_container vc_col-sm-1\/5\"><div class=\"vc_column-inner\"><div class=\"wpb_wrapper\">\n\t<div  class=\"wpb_single_image wpb_content_element vc_align_center wpb_content_element\">\n\t\t\n\t\t<figure class=\"wpb_wrapper vc_figure\">\n\t\t\t<div class=\"vc_single_image-wrapper   vc_box_border_grey\"><img decoding=\"async\" class=\"vc_single_image-img\" src=\"https:\/\/andradeward.org\/wp-content\/uploads\/2019\/04\/South-Africa-600x386.jpg\" width=\"600\" height=\"386\" alt=\"South Africa\" title=\"Sud\u00e1frica\" loading=\"lazy\" \/><\/div>\n\t\t<\/figure>\n\t<\/div>\n<h2 style=\"font-size: 30px;color: #000000;line-height: 35px;text-align: center;font-family:Karla;font-weight:400;font-style:normal\" class=\"vc_custom_heading\" >AFRICA<\/h2><div class=\"vc_empty_space\"   style=\"height: 20px\"><span class=\"vc_empty_space_inner\"><\/span><\/div><\/div><\/div><\/div><div class=\"wpb_column vc_column_container vc_col-sm-1\/5\"><div class=\"vc_column-inner\"><div class=\"wpb_wrapper\">\n\t<div  class=\"wpb_single_image wpb_content_element vc_align_center wpb_content_element\">\n\t\t\n\t\t<figure class=\"wpb_wrapper vc_figure\">\n\t\t\t<div class=\"vc_single_image-wrapper   vc_box_border_grey\"><img decoding=\"async\" class=\"vc_single_image-img\" src=\"https:\/\/andradeward.org\/wp-content\/uploads\/2019\/04\/Minnesota-600x386.jpg\" width=\"600\" height=\"386\" alt=\"Minnesota\" title=\"Minnesota\" loading=\"lazy\" \/><\/div>\n\t\t<\/figure>\n\t<\/div>\n<h2 style=\"font-size: 30px;color: #000000;line-height: 35px;text-align: center;font-family:Karla;font-weight:400;font-style:normal\" class=\"vc_custom_heading\" >AMERICA<\/h2><div class=\"vc_empty_space\"   style=\"height: 20px\"><span class=\"vc_empty_space_inner\"><\/span><\/div><\/div><\/div><\/div><div class=\"wpb_column vc_column_container vc_col-sm-1\/5\"><div class=\"vc_column-inner\"><div class=\"wpb_wrapper\">\n\t<div  class=\"wpb_single_image wpb_content_element vc_align_center wpb_content_element\">\n\t\t\n\t\t<figure class=\"wpb_wrapper vc_figure\">\n\t\t\t<div class=\"vc_single_image-wrapper   vc_box_border_grey\"><img decoding=\"async\" class=\"vc_single_image-img\" src=\"https:\/\/andradeward.org\/wp-content\/uploads\/2019\/04\/Myanmar-Asia-600x386.jpg\" width=\"600\" height=\"386\" alt=\"Myanmar -Asia\" title=\"Myanmar -Asia\" loading=\"lazy\" \/><\/div>\n\t\t<\/figure>\n\t<\/div>\n<h2 style=\"font-size: 30px;color: #000000;line-height: 35px;text-align: center;font-family:Karla;font-weight:400;font-style:normal\" class=\"vc_custom_heading\" >ASIA<\/h2><div class=\"vc_empty_space\"   style=\"height: 20px\"><span class=\"vc_empty_space_inner\"><\/span><\/div><\/div><\/div><\/div><div class=\"wpb_column vc_column_container vc_col-sm-1\/5\"><div class=\"vc_column-inner\"><div class=\"wpb_wrapper\">\n\t<div  class=\"wpb_single_image wpb_content_element vc_align_center wpb_content_element\">\n\t\t\n\t\t<figure class=\"wpb_wrapper vc_figure\">\n\t\t\t<div class=\"vc_single_image-wrapper   vc_box_border_grey\"><img decoding=\"async\" class=\"vc_single_image-img\" src=\"https:\/\/andradeward.org\/wp-content\/uploads\/2019\/04\/001-1-600x386.jpg\" width=\"600\" height=\"386\" alt=\"001\" title=\"001\" loading=\"lazy\" \/><\/div>\n\t\t<\/figure>\n\t<\/div>\n<h2 style=\"font-size: 30px;color: #000000;line-height: 35px;text-align: center;font-family:Karla;font-weight:400;font-style:normal\" class=\"vc_custom_heading\" >AUSTRALIA<\/h2><div class=\"vc_empty_space\"   style=\"height: 20px\"><span class=\"vc_empty_space_inner\"><\/span><\/div><\/div><\/div><\/div><div class=\"wpb_column vc_column_container vc_col-sm-1\/5\"><div class=\"vc_column-inner\"><div class=\"wpb_wrapper\">\n\t<div  class=\"wpb_single_image wpb_content_element vc_align_center wpb_content_element\">\n\t\t\n\t\t<figure class=\"wpb_wrapper vc_figure\">\n\t\t\t<div class=\"vc_single_image-wrapper   vc_box_border_grey\"><img decoding=\"async\" class=\"vc_single_image-img\" src=\"https:\/\/andradeward.org\/wp-content\/uploads\/2019\/04\/France-600x386.jpg\" width=\"600\" height=\"386\" alt=\"France\" title=\"Francia\" loading=\"lazy\" \/><\/div>\n\t\t<\/figure>\n\t<\/div>\n<h2 style=\"font-size: 30px;color: #000000;line-height: 35px;text-align: center;font-family:Karla;font-weight:400;font-style:normal\" class=\"vc_custom_heading\" >EUROPA<\/h2><div class=\"vc_empty_space\"   style=\"height: 20px\"><span class=\"vc_empty_space_inner\"><\/span><\/div><\/div><\/div><\/div><\/div><\/div><\/div><\/div><\/div><div data-vc-full-width=\"true\" data-vc-full-width-init=\"false\" class=\"vc_row element-row row vc_custom_1554242779990 highend_vc_custom_1554242779990\"><div class=\"fw-content-wrap\"><div class=\"vc_row\"><div class=\"wpb_column vc_column_container vc_col-sm-6\"><div class=\"vc_column-inner\"><div class=\"wpb_wrapper\"><h2 style=\"font-size: 25px;color: #ffffff;line-height: 30px;text-align: center;font-family:Karla;font-weight:400;font-style:normal\" class=\"vc_custom_heading vc_custom_1600871847511\" >Estoy agradecida por los lugares que he podido visitar. Algunos han sido remotos y asombrosos, algunos pac\u00edficos y santos y otros, simples pero memorables. Cuando viajo, disfruto aprendiendo sobre diferentes culturas.)<\/h2><\/div><\/div><\/div><div class=\"wpb_column vc_column_container vc_col-sm-6\"><div class=\"vc_column-inner\"><div class=\"wpb_wrapper\">\n\t<div  class=\"wpb_single_image wpb_content_element vc_align_center wpb_content_element\">\n\t\t\n\t\t<figure class=\"wpb_wrapper vc_figure\">\n\t\t\t<div class=\"vc_single_image-wrapper   vc_box_border_grey\"><img loading=\"lazy\" decoding=\"async\" width=\"3968\" height=\"2976\" src=\"https:\/\/andradeward.org\/wp-content\/uploads\/2019\/04\/China.jpg\" class=\"vc_single_image-img attachment-full\" alt=\"\" title=\"OLYMPUS DIGITAL CAMERA\" srcset=\"https:\/\/andradeward.org\/wp-content\/uploads\/2019\/04\/China.jpg 3968w, https:\/\/andradeward.org\/wp-content\/uploads\/2019\/04\/China-300x225.jpg 300w, https:\/\/andradeward.org\/wp-content\/uploads\/2019\/04\/China-768x576.jpg 768w, https:\/\/andradeward.org\/wp-content\/uploads\/2019\/04\/China-1024x768.jpg 1024w\" sizes=\"auto, (max-width: 3968px) 100vw, 3968px\" \/><\/div>\n\t\t<\/figure>\n\t<\/div>\n<h2 style=\"font-size: 25px;color: #ffffff;line-height: 30px;text-align: center;font-family:Karla;font-weight:400;font-style:normal\" class=\"vc_custom_heading vc_custom_1616614131530\" >Jin Shan Ling, Secci\u00f3n de la Gran Muralla China, septiembre de 2010<\/h2><\/div><\/div><\/div><style type=\"text\/css\">.highend_vc_custom_1554242779990{background-color: #7d940d;}<\/style><\/div><\/div><\/div><div class=\"vc_row-full-width vc_clearfix\"><\/div><div data-vc-full-width=\"true\" data-vc-full-width-init=\"false\" class=\"vc_row element-row row vc_custom_1554242062779 highend_vc_custom_1554242062779\"><div class=\"fw-content-wrap\"><div class=\"vc_row\"><div class=\"wpb_column vc_column_container vc_col-sm-4\"><div class=\"vc_column-inner\"><div class=\"wpb_wrapper\">\n\t<div  class=\"wpb_single_image wpb_content_element vc_align_center wpb_content_element\">\n\t\t\n\t\t<figure class=\"wpb_wrapper vc_figure\">\n\t\t\t<div class=\"vc_single_image-wrapper   vc_box_border_grey\"><img decoding=\"async\" class=\"vc_single_image-img\" src=\"https:\/\/andradeward.org\/wp-content\/uploads\/2019\/04\/iconfinder_Picture5_3289567-100x100.png\" width=\"100\" height=\"100\" alt=\"iconfinder_Picture5_3289567\" title=\"iconfinder_Picture5_3289567\" loading=\"lazy\" \/><\/div>\n\t\t<\/figure>\n\t<\/div>\n<h2 style=\"font-size: 35px;color: #353535;line-height: 35px;text-align: center;font-family:Karla;font-weight:700;font-style:normal\" class=\"vc_custom_heading\" >FAMILIA<\/h2>\n\t<div class=\"wpb_text_column wpb_content_element\" >\n\t\t<div class=\"wpb_wrapper\">\n\t\t\t<p style=\"text-align: center;\">Todos los que he conocido han compartido la creencia de que la familia es lo m\u00e1s importante en la vida.<\/p>\n\n\t\t<\/div>\n\t<\/div>\n<\/div><\/div><\/div><div class=\"wpb_column vc_column_container vc_col-sm-4\"><div class=\"vc_column-inner\"><div class=\"wpb_wrapper\">\n\t<div  class=\"wpb_single_image wpb_content_element vc_align_center wpb_content_element\">\n\t\t\n\t\t<figure class=\"wpb_wrapper vc_figure\">\n\t\t\t<div class=\"vc_single_image-wrapper   vc_box_border_grey\"><img loading=\"lazy\" decoding=\"async\" width=\"236\" height=\"300\" src=\"https:\/\/andradeward.org\/wp-content\/uploads\/2022\/03\/20210713_112439-503x640-1-236x300.jpg\" class=\"vc_single_image-img attachment-medium\" alt=\"\" title=\"20210713_112439 (503x640)\" srcset=\"https:\/\/andradeward.org\/wp-content\/uploads\/2022\/03\/20210713_112439-503x640-1-236x300.jpg 236w, https:\/\/andradeward.org\/wp-content\/uploads\/2022\/03\/20210713_112439-503x640-1-9x12.jpg 9w, https:\/\/andradeward.org\/wp-content\/uploads\/2022\/03\/20210713_112439-503x640-1.jpg 503w\" sizes=\"auto, (max-width: 236px) 100vw, 236px\" \/><\/div>\n\t\t<\/figure>\n\t<\/div>\n<h2 style=\"font-size: 25px;color: #ffffff;line-height: 30px;text-align: center;font-family:Karla;font-weight:400;font-style:normal\" class=\"vc_custom_heading vc_custom_1647205852796\" >Cato and Tiberius, 2021<\/h2><\/div><\/div><\/div><div class=\"wpb_column vc_column_container vc_col-sm-4\"><div class=\"vc_column-inner\"><div class=\"wpb_wrapper\">\n\t<div  class=\"wpb_single_image wpb_content_element vc_align_center wpb_content_element\">\n\t\t\n\t\t<figure class=\"wpb_wrapper vc_figure\">\n\t\t\t<div class=\"vc_single_image-wrapper   vc_box_border_grey\"><img loading=\"lazy\" decoding=\"async\" width=\"225\" height=\"300\" src=\"https:\/\/andradeward.org\/wp-content\/uploads\/2023\/01\/Tiberius-and-Cato-2022-225x300.jpg\" class=\"vc_single_image-img attachment-medium\" alt=\"\" title=\"Tiberius and Cato 2022\" srcset=\"https:\/\/andradeward.org\/wp-content\/uploads\/2023\/01\/Tiberius-and-Cato-2022-225x300.jpg 225w, https:\/\/andradeward.org\/wp-content\/uploads\/2023\/01\/Tiberius-and-Cato-2022-9x12.jpg 9w, https:\/\/andradeward.org\/wp-content\/uploads\/2023\/01\/Tiberius-and-Cato-2022-rotated.jpg 600w\" sizes=\"auto, (max-width: 225px) 100vw, 225px\" \/><\/div>\n\t\t<\/figure>\n\t<\/div>\n<h2 style=\"font-size: 25px;color: #ffffff;line-height: 30px;text-align: center;font-family:Karla;font-weight:400;font-style:normal\" class=\"vc_custom_heading vc_custom_1672854057295\" >Tiberius and Cato, 2022<\/h2><\/div><\/div><\/div><style type=\"text\/css\">.highend_vc_custom_1554242062779{background-color: #ffffff;}<\/style><\/div><\/div><\/div><div class=\"vc_row-full-width vc_clearfix\"><\/div><div data-vc-full-width=\"true\" data-vc-full-width-init=\"false\" class=\"vc_row element-row row vc_custom_1554243054525 highend_vc_custom_1554243054525\"><div class=\"fw-content-wrap\"><div class=\"vc_row\"><div class=\"wpb_column vc_column_container vc_col-sm-4\"><div class=\"vc_column-inner\"><div class=\"wpb_wrapper\">\n\t<div  class=\"wpb_single_image wpb_content_element vc_align_center wpb_content_element\">\n\t\t\n\t\t<figure class=\"wpb_wrapper vc_figure\">\n\t\t\t<div class=\"vc_single_image-wrapper   vc_box_border_grey\"><img decoding=\"async\" class=\"vc_single_image-img\" src=\"https:\/\/andradeward.org\/wp-content\/uploads\/2019\/04\/iconfinder_ecologi_outline-19_3449997-100x100.png\" width=\"100\" height=\"100\" alt=\"iconfinder_ecologi_outline-19_3449997\" title=\"iconfinder_ecologi_outline-19_3449997\" loading=\"lazy\" \/><\/div>\n\t\t<\/figure>\n\t<\/div>\n<h2 style=\"font-size: 35px;color: #262626;line-height: 35px;text-align: center;font-family:Karla;font-weight:700;font-style:normal\" class=\"vc_custom_heading\" >MEDIO AMBIENTE<\/h2>\n\t<div class=\"wpb_text_column wpb_content_element\" >\n\t\t<div class=\"wpb_wrapper\">\n\t\t\t<p style=\"text-align: center;\">\"La Tierra proporciona lo suficiente para satisfacer las necesidades de todos los hombres, pero no la codicia de todos\".<br \/>\n\u2015\u00a0<a class=\"authorOrTitle\" href=\"http:\/\/www.goodreads.com\/author\/show\/5810891.Mahatma_Gandhi\">Mahatma Gandhi<\/a><\/p>\n\n\t\t<\/div>\n\t<\/div>\n<\/div><\/div><\/div><div class=\"wpb_column vc_column_container vc_col-sm-4\"><div class=\"vc_column-inner\"><div class=\"wpb_wrapper\">\n\t<div  class=\"wpb_single_image wpb_content_element vc_align_center wpb_content_element\">\n\t\t\n\t\t<figure class=\"wpb_wrapper vc_figure\">\n\t\t\t<div class=\"vc_single_image-wrapper   vc_box_border_grey\"><img loading=\"lazy\" decoding=\"async\" width=\"300\" height=\"225\" src=\"https:\/\/andradeward.org\/wp-content\/uploads\/2019\/04\/Azuay-Ecuador-300x225.jpg\" class=\"vc_single_image-img attachment-medium\" alt=\"\" title=\"Azuay, Ecuador\" srcset=\"https:\/\/andradeward.org\/wp-content\/uploads\/2019\/04\/Azuay-Ecuador-300x225.jpg 300w, https:\/\/andradeward.org\/wp-content\/uploads\/2019\/04\/Azuay-Ecuador-768x576.jpg 768w, https:\/\/andradeward.org\/wp-content\/uploads\/2019\/04\/Azuay-Ecuador-1024x768.jpg 1024w, https:\/\/andradeward.org\/wp-content\/uploads\/2019\/04\/Azuay-Ecuador.jpg 1600w\" sizes=\"auto, (max-width: 300px) 100vw, 300px\" \/><\/div>\n\t\t<\/figure>\n\t<\/div>\n<h2 style=\"font-size: 25px;color: #ffffff;line-height: 30px;text-align: center;font-family:Karla;font-weight:400;font-style:normal\" class=\"vc_custom_heading vc_custom_1616613800883\" >Parque Nacional Cajas, Provincia de Azuay, Ecuador, 2014<\/h2><\/div><\/div><\/div><div class=\"wpb_column vc_column_container vc_col-sm-4\"><div class=\"vc_column-inner\"><div class=\"wpb_wrapper\">\n\t<div  class=\"wpb_single_image wpb_content_element vc_align_center wpb_content_element\">\n\t\t\n\t\t<figure class=\"wpb_wrapper vc_figure\">\n\t\t\t<div class=\"vc_single_image-wrapper   vc_box_border_grey\"><img loading=\"lazy\" decoding=\"async\" width=\"215\" height=\"300\" src=\"https:\/\/andradeward.org\/wp-content\/uploads\/2023\/01\/Durres-May-573x800-1-215x300.jpg\" class=\"vc_single_image-img attachment-medium\" alt=\"Durres, port city in Albania, May 2022\" title=\"Durres, Albania, 2022\" srcset=\"https:\/\/andradeward.org\/wp-content\/uploads\/2023\/01\/Durres-May-573x800-1-215x300.jpg 215w, https:\/\/andradeward.org\/wp-content\/uploads\/2023\/01\/Durres-May-573x800-1-9x12.jpg 9w, https:\/\/andradeward.org\/wp-content\/uploads\/2023\/01\/Durres-May-573x800-1.jpg 573w\" sizes=\"auto, (max-width: 215px) 100vw, 215px\" \/><\/div>\n\t\t<\/figure>\n\t<\/div>\n<h2 style=\"font-size: 25px;color: #ffffff;line-height: 30px;text-align: center;font-family:Karla;font-weight:400;font-style:normal\" class=\"vc_custom_heading vc_custom_1672933048765\" >Durres, port city on the Adriatic Sea, Albania, May, 2022<\/h2><\/div><\/div><\/div><style type=\"text\/css\">.highend_vc_custom_1554243054525{background-color: #ffffff;}<\/style><\/div><\/div><\/div><div class=\"vc_row-full-width vc_clearfix\"><\/div><div data-vc-full-width=\"true\" data-vc-full-width-init=\"false\" class=\"vc_row element-row row vc_custom_1554242086378 highend_vc_custom_1554242086378\"><div class=\"fw-content-wrap\"><div class=\"vc_row\"><div class=\"wpb_column vc_column_container vc_col-sm-4\"><div class=\"vc_column-inner\"><div class=\"wpb_wrapper\">\n\t<div  class=\"wpb_single_image wpb_content_element vc_align_center wpb_content_element\">\n\t\t\n\t\t<figure class=\"wpb_wrapper vc_figure\">\n\t\t\t<div class=\"vc_single_image-wrapper   vc_box_border_grey\"><img decoding=\"async\" class=\"vc_single_image-img\" src=\"https:\/\/andradeward.org\/wp-content\/uploads\/2019\/04\/iconfinder_Buddha_statue_4192900-100x100.png\" width=\"100\" height=\"100\" alt=\"iconfinder_Buddha_statue_4192900\" title=\"iconfinder_Buddha_statue_4192900\" loading=\"lazy\" \/><\/div>\n\t\t<\/figure>\n\t<\/div>\n<h2 style=\"font-size: 35px;color: #353535;line-height: 35px;text-align: center;font-family:Karla;font-weight:700;font-style:normal\" class=\"vc_custom_heading\" >CULTURA<\/h2>\n\t<div class=\"wpb_text_column wpb_content_element\" >\n\t\t<div class=\"wpb_wrapper\">\n\t\t\t<p style=\"text-align: center;\">\u201cHola, Bonjour, Per favore, Obrigado, Xi\u00e8xie, Ciao, Merci\u201d Aprender palabras b\u00e1sicas de cortes\u00eda hace que su viaje sea m\u00e1s agradable.<\/p>\n\n\t\t<\/div>\n\t<\/div>\n<\/div><\/div><\/div><div class=\"wpb_column vc_column_container vc_col-sm-4\"><div class=\"vc_column-inner\"><div class=\"wpb_wrapper\">\n\t<div  class=\"wpb_single_image wpb_content_element vc_align_center wpb_content_element\">\n\t\t\n\t\t<figure class=\"wpb_wrapper vc_figure\">\n\t\t\t<div class=\"vc_single_image-wrapper   vc_box_border_grey\"><img loading=\"lazy\" decoding=\"async\" width=\"300\" height=\"225\" src=\"https:\/\/andradeward.org\/wp-content\/uploads\/2019\/04\/Portuguese-Language-Group-MN-300x225.jpeg\" class=\"vc_single_image-img attachment-medium\" alt=\"\" title=\"Portuguese Language Group MN\" srcset=\"https:\/\/andradeward.org\/wp-content\/uploads\/2019\/04\/Portuguese-Language-Group-MN-300x225.jpeg 300w, https:\/\/andradeward.org\/wp-content\/uploads\/2019\/04\/Portuguese-Language-Group-MN.jpeg 600w\" sizes=\"auto, (max-width: 300px) 100vw, 300px\" \/><\/div>\n\t\t<\/figure>\n\t<\/div>\n<h2 style=\"font-size: 25px;color: #ffffff;line-height: 30px;text-align: center;font-family:Karla;font-weight:400;font-style:normal\" class=\"vc_custom_heading vc_custom_1616613224938\" >Grupo de Portugu\u00e9s, Minneapolis, Minnesota<\/h2><\/div><\/div><\/div><div class=\"wpb_column vc_column_container vc_col-sm-4\"><div class=\"vc_column-inner\"><div class=\"wpb_wrapper\">\n\t<div  class=\"wpb_single_image wpb_content_element vc_align_center wpb_content_element\">\n\t\t\n\t\t<figure class=\"wpb_wrapper vc_figure\">\n\t\t\t<div class=\"vc_single_image-wrapper   vc_box_border_grey\"><img loading=\"lazy\" decoding=\"async\" width=\"300\" height=\"225\" src=\"https:\/\/andradeward.org\/wp-content\/uploads\/2019\/04\/Teaching-English-in-Laos-300x225.jpg\" class=\"vc_single_image-img attachment-medium\" alt=\"\" title=\"Teaching English in Laos\" srcset=\"https:\/\/andradeward.org\/wp-content\/uploads\/2019\/04\/Teaching-English-in-Laos-300x225.jpg 300w, https:\/\/andradeward.org\/wp-content\/uploads\/2019\/04\/Teaching-English-in-Laos-768x576.jpg 768w, https:\/\/andradeward.org\/wp-content\/uploads\/2019\/04\/Teaching-English-in-Laos-1024x768.jpg 1024w\" sizes=\"auto, (max-width: 300px) 100vw, 300px\" \/><\/div>\n\t\t<\/figure>\n\t<\/div>\n<h2 style=\"font-size: 25px;color: #ffffff;line-height: 30px;text-align: center;font-family:Karla;font-weight:400;font-style:normal\" class=\"vc_custom_heading vc_custom_1617630255512\" >Big Brother Mouse Centro, ayudando estudiantes a practicar ingl\u00e9s, Luang Prabang, Laos, septiembre de 2012<\/h2><\/div><\/div><\/div><style type=\"text\/css\">.highend_vc_custom_1554242086378{background-color: #ffffff;}<\/style><\/div><\/div><\/div><div class=\"vc_row-full-width vc_clearfix\"><\/div>\n<\/div>","protected":false},"excerpt":{"rendered":" [...]","protected":false},"author":11,"featured_media":0,"parent":0,"menu_order":0,"comment_status":"closed","ping_status":"closed","template":"","meta":{"footnotes":""},"class_list":["post-51","page","type-page","status-publish","hentry"],"_links":{"self":[{"href":"https:\/\/andradeward.org\/es\/wp-json\/wp\/v2\/pages\/51","targetHints":{"allow":["GET"]}}],"collection":[{"href":"https:\/\/andradeward.org\/es\/wp-json\/wp\/v2\/pages"}],"about":[{"href":"https:\/\/andradeward.org\/es\/wp-json\/wp\/v2\/types\/page"}],"author":[{"embeddable":true,"href":"https:\/\/andradeward.org\/es\/wp-json\/wp\/v2\/users\/11"}],"replies":[{"embeddable":true,"href":"https:\/\/andradeward.org\/es\/wp-json\/wp\/v2\/comments?post=51"}],"version-history":[{"count":6,"href":"https:\/\/andradeward.org\/es\/wp-json\/wp\/v2\/pages\/51\/revisions"}],"predecessor-version":[{"id":4333,"href":"https:\/\/andradeward.org\/es\/wp-json\/wp\/v2\/pages\/51\/revisions\/4333"}],"wp:attachment":[{"href":"https:\/\/andradeward.org\/es\/wp-json\/wp\/v2\/media?parent=51"}],"curies":[{"name":"wp","href":"https:\/\/api.w.org\/{rel}","templated":true}]}}